{"id":15,"date":"2025-05-20T16:33:06","date_gmt":"2025-05-20T16:33:06","guid":{"rendered":"http:\/\/localhost\/cabanasarcoiris\/?page_id=15"},"modified":"2025-12-10T09:39:10","modified_gmt":"2025-12-10T12:39:10","slug":"servicio","status":"publish","type":"page","link":"https:\/\/arcoirisdesantarosa.com.ar\/index.php\/servicio\/","title":{"rendered":"Servicios"},"content":{"rendered":"\t\t<div data-elementor-type=\"wp-page\" data-elementor-id=\"15\" class=\"elementor elementor-15\" data-elementor-post-type=\"page\">\n\t\t\t\t<div class=\"elementor-element elementor-element-2a98109 e-flex e-con-boxed e-con e-parent\" data-id=\"2a98109\" data-element_type=\"container\">\n\t\t\t\t\t<div class=\"e-con-inner\">\n\t\t<div class=\"elementor-element elementor-element-a14ef2c e-con-full e-flex e-con e-child\" data-id=\"a14ef2c\" data-element_type=\"container\" data-settings=\"{&quot;background_background&quot;:&quot;classic&quot;}\">\n\t\t<div class=\"elementor-element elementor-element-84a7756 e-con-full e-flex e-con e-child\" data-id=\"84a7756\" data-element_type=\"container\">\n\t\t<div class=\"elementor-element elementor-element-10a4332 e-con-full e-flex e-con e-child\" data-id=\"10a4332\" data-element_type=\"container\">\n\t\t\t\t<div class=\"elementor-element elementor-element-616fea6 elementor-widget elementor-widget-text-editor\" data-id=\"616fea6\" data-element_type=\"widget\" data-widget_type=\"text-editor.default\">\n\t\t\t\t<div class=\"elementor-widget-container\">\n\t\t\t\t\t\t\t\t\t<ul><li><b>Desayuno seco<\/b>: Incluido diariamente por turista.<\/li><li><b>Cocina completa<\/b>: Equipada para 4-6 personas.<\/li><li><b>Climatizaci\u00f3n<\/b>: Calefacci\u00f3n, aire acondicionado (split en la habitaci\u00f3n principal) y ventiladores de techo.<\/li><li><b>Tecnolog\u00eda<\/b>: WiFi y TV con Chromecast.<\/li><li><b>Ropa de blanco<\/b>: S\u00e1banas y toallas incluidas.<\/li><li><b>Distribuci\u00f3n<\/b>: 1 dormitorio, 1 ba\u00f1o, y un ambiente integrado de cocina-comedor-living.<\/li><li><b>Quincho<\/b>: Cerrado, con parrillas, de uso compartido.<\/li><li><b>Cocheras<\/b>: Techadas para tu veh\u00edculo.<\/li><li><b>Entretenimiento<\/b>: Juegos para ni\u00f1os.<\/li><li><b>Seguridad<\/b>: Predio totalmente cerrado y c\u00e1maras de seguridad.<\/li><\/ul>\t\t\t\t\t\t\t\t<\/div>\n\t\t\t\t<\/div>\n\t\t\t\t<\/div>\n\t\t<div class=\"elementor-element elementor-element-739b77c e-con-full e-flex e-con e-child\" data-id=\"739b77c\" data-element_type=\"container\">\n\t\t\t\t<div class=\"elementor-element elementor-element-4a34624 elementor-widget elementor-widget-image\" data-id=\"4a34624\" data-element_type=\"widget\" data-widget_type=\"image.default\">\n\t\t\t\t<div class=\"elementor-widget-container\">\n\t\t\t\t\t\t\t\t\t\t\t\t\t\t\t<img fetchpriority=\"high\" decoding=\"async\" width=\"696\" height=\"544\" src=\"https:\/\/arcoirisdesantarosa.com.ar\/wp-content\/uploads\/2025\/05\/cabanas.jpg\" class=\"attachment-large size-large wp-image-202\" alt=\"\" srcset=\"https:\/\/arcoirisdesantarosa.com.ar\/wp-content\/uploads\/2025\/05\/cabanas.jpg 696w, https:\/\/arcoirisdesantarosa.com.ar\/wp-content\/uploads\/2025\/05\/cabanas-300x234.jpg 300w\" sizes=\"(max-width: 696px) 100vw, 696px\" \/>\t\t\t\t\t\t\t\t\t\t\t\t\t\t\t<\/div>\n\t\t\t\t<\/div>\n\t\t\t\t<\/div>\n\t\t\t\t<\/div>\n\t\t\t\t<\/div>\n\t\t\t\t\t<\/div>\n\t\t\t\t<\/div>\n\t\t\t\t<\/div>\n\t\t","protected":false},"excerpt":{"rendered":"<p>Desayuno seco: Incluido diariamente por turista. Cocina completa: Equipada para 4-6 personas. Climatizaci\u00f3n: Calefacci\u00f3n, aire acondicionado (split en la habitaci\u00f3n principal) y ventiladores de techo. Tecnolog\u00eda: WiFi y TV con Chromecast. Ropa de blanco: S\u00e1banas y toallas incluidas. Distribuci\u00f3n: 1 dormitorio, 1 ba\u00f1o, y un ambiente integrado de cocina-comedor-living. Quincho: Cerrado, con parrillas, de uso [&hellip;]<\/p>\n","protected":false},"author":4,"featured_media":0,"parent":0,"menu_order":0,"comment_status":"closed","ping_status":"closed","template":"","meta":{"footnotes":""},"class_list":["post-15","page","type-page","status-publish","hentry"],"_links":{"self":[{"href":"https:\/\/arcoirisdesantarosa.com.ar\/index.php\/wp-json\/wp\/v2\/pages\/15","targetHints":{"allow":["GET"]}}],"collection":[{"href":"https:\/\/arcoirisdesantarosa.com.ar\/index.php\/wp-json\/wp\/v2\/pages"}],"about":[{"href":"https:\/\/arcoirisdesantarosa.com.ar\/index.php\/wp-json\/wp\/v2\/types\/page"}],"author":[{"embeddable":true,"href":"https:\/\/arcoirisdesantarosa.com.ar\/index.php\/wp-json\/wp\/v2\/users\/4"}],"replies":[{"embeddable":true,"href":"https:\/\/arcoirisdesantarosa.com.ar\/index.php\/wp-json\/wp\/v2\/comments?post=15"}],"version-history":[{"count":24,"href":"https:\/\/arcoirisdesantarosa.com.ar\/index.php\/wp-json\/wp\/v2\/pages\/15\/revisions"}],"predecessor-version":[{"id":489,"href":"https:\/\/arcoirisdesantarosa.com.ar\/index.php\/wp-json\/wp\/v2\/pages\/15\/revisions\/489"}],"wp:attachment":[{"href":"https:\/\/arcoirisdesantarosa.com.ar\/index.php\/wp-json\/wp\/v2\/media?parent=15"}],"curies":[{"name":"wp","href":"https:\/\/api.w.org\/{rel}","templated":true}]}}